{"id":8771,"date":"2024-02-21T23:57:30","date_gmt":"2024-02-21T22:57:30","guid":{"rendered":"https:\/\/preprod.julien-legras.eu\/?page_id=8771"},"modified":"2025-09-25T09:47:47","modified_gmt":"2025-09-25T07:47:47","slug":"homepage-v2-001","status":"publish","type":"page","link":"https:\/\/www.julien-legras.eu\/","title":{"rendered":"Homepage V2-001"},"content":{"rendered":"\t\t<div data-elementor-type=\"wp-page\" data-elementor-id=\"8771\" class=\"elementor elementor-8771\">\n\t\t\t\t\t\t<section class=\"elementor-section elementor-top-section elementor-element elementor-element-630afeca elementor-section-full_width elementor-section-height-full elementor-section-items-top elementor-section-stretched elementor-section-height-default\" data-id=\"630afeca\" data-element_type=\"section\" data-settings=\"{&quot;stretch_section&quot;:&quot;section-stretched&quot;}\">\n\t\t\t\t\t\t<div class=\"elementor-container elementor-column-gap-no\">\n\t\t\t\t\t<div class=\"elementor-column elementor-col-100 elementor-top-column elementor-element elementor-element-3573c34d\" data-id=\"3573c34d\" data-element_type=\"column\">\n\t\t\t<div class=\"elementor-widget-wrap elementor-element-populated\">\n\t\t\t\t\t\t<div class=\"elementor-element elementor-element-6272be7d elementor-widget elementor-widget-ld_portfolio\" data-id=\"6272be7d\" data-element_type=\"widget\" data-widget_type=\"ld_portfolio.default\">\n\t\t\t\t<div class=\"elementor-widget-container\">\n\t\t\t<div class=\"lqd-pf-carousel carousel-container carousel-nav-floated carousel-nav-center carousel-nav-middle carousel-nav-circle carousel-nav-solid carousel-nav-lg carousel-nav-shadowed carousel-dots-mobile-inside\" data-filterable-carousel=\"true\"><div class=\"carousel-items pos-rel mx-0\" data-lqd-flickity='{ \"filters\": \"#pf-filter-1651687037\", \"wrapAround\": true, \"groupCells\": false, \"prevNextButtons\": true, \"navOffsets\": { \"prev\": 15, \"next\": 15 }, \"prevNextButtonsOnlyOnMobile\": true, \"buttonsAppendTo\": \"self\" }'><div class=\"flickity-viewport pos-rel w-100 overflow-hidden\"><div class=\"flickity-slider d-flex w-100 h-100\" style=\"left: 0; transform: translateX(0%);\"><div class=\"carousel-item col-xs-12 col-sm-6 col-md-4 lisibilite-bienveillance\">\n\n\t<div class=\"carousel-item-inner\">\n\t\t<div class=\"carousel-item-content\">\n\n\t\t\t<article id=\"post-10551\" class=\"lqd-pf-item lqd-pf-item-style-5 pos-rel lqd-pf-light pf-details-h-str post-10551 liquid-portfolio type-liquid-portfolio status-publish format-standard has-post-thumbnail hentry liquid-portfolio-category-lisibilite-bienveillance\">\n\t\t\t\t<div class=\"lqd-pf-item-inner lqd-overlay d-flex align-items-end\">\n\n\t\t\t\t\t<div class=\"lqd-pf-img overflow-hidden lqd-overlay\">\n\t\t\t\t\t\t<figure  class=\"lqd-overlay\"><img fetchpriority=\"high\" decoding=\"async\" width=\"2000\" height=\"1328\" src=\"https:\/\/www.julien-legras.eu\/wp-content\/uploads\/2022\/02\/DSC_1658-retouch02.jpg\" class=\"w-100 h-100 objfit-cover objfit-center wp-post-image\" alt=\"\" srcset=\"https:\/\/www.julien-legras.eu\/wp-content\/uploads\/2022\/02\/DSC_1658-retouch02.jpg 2000w, https:\/\/www.julien-legras.eu\/wp-content\/uploads\/2022\/02\/DSC_1658-retouch02-300x199.jpg 300w, https:\/\/www.julien-legras.eu\/wp-content\/uploads\/2022\/02\/DSC_1658-retouch02-1024x680.jpg 1024w\" sizes=\"(max-width: 2000px) 100vw, 2000px\" \/><\/figure>\t\t\t\t\t\t<span class=\"lqd-pf-overlay-bg lqd-overlay\"><\/span>\n\t\t\t\t\t<\/div>\n\n\t\t\t\t\t<div class=\"lqd-pf-details w-100 ps-4 pe-4 pos-rel\">\n\t\t\t\t\t\t\t\t\t\t\t\t<h2 class=\"lqd-pf-title m-0 h5\">Espaces de soins<\/h2>\t\t\t\t\t\t<ul class=\"reset-ul inline-nav lqd-pf-cat d-inline-flex pos-rel z-index-2\"><li><a href=\"https:\/\/www.julien-legras.eu\/?portfolio-category=lisibilite-bienveillance\">#Lisibilit\u00e9 &amp; bienveillance<\/a><\/li><\/ul>\t\t\t\t\t<\/div>\n\n\t\t\t\t\t<a href=\"https:\/\/www.julien-legras.eu\/?portfolios=espaces-de-soins\"  class=\"lqd-overlay lqd-pf-overlay-link lqd-cc-label-trigger\" data-cc-icon-color=\"\"><\/a>\n\t\t\t\t<\/div>\n\t\t\t<\/article>\n\n\t\t<\/div>\n\t<\/div>\n\n<\/div><div class=\"carousel-item col-xs-12 col-sm-6 col-md-4 identite-et-valorisation\">\n\n\t<div class=\"carousel-item-inner\">\n\t\t<div class=\"carousel-item-content\">\n\n\t\t\t<article id=\"post-7718\" class=\"lqd-pf-item lqd-pf-item-style-5 pos-rel lqd-pf-light pf-details-h-str post-7718 liquid-portfolio type-liquid-portfolio status-publish format-standard has-post-thumbnail hentry liquid-portfolio-category-identite-et-valorisation\">\n\t\t\t\t<div class=\"lqd-pf-item-inner lqd-overlay d-flex align-items-end\">\n\n\t\t\t\t\t<div class=\"lqd-pf-img overflow-hidden lqd-overlay\">\n\t\t\t\t\t\t<figure  class=\"lqd-overlay\"><img decoding=\"async\" width=\"1655\" height=\"1333\" src=\"data:image\/svg+xml;charset=utf-8,%3Csvg xmlns%3D&#039;http%3A%2F%2Fwww.w3.org%2F2000%2Fsvg&#039; viewBox%3D&#039;0 0 1655 1333&#039;%2F%3E\" class=\"w-100 h-100 objfit-cover objfit-center ld-lazyload wp-post-image\" alt=\"\" data-src=\"https:\/\/www.julien-legras.eu\/wp-content\/uploads\/2022\/02\/IMG_5330-recoupe.jpg\" data-srcset=\"https:\/\/www.julien-legras.eu\/wp-content\/uploads\/2022\/02\/IMG_5330-recoupe.jpg 1655w, https:\/\/www.julien-legras.eu\/wp-content\/uploads\/2022\/02\/IMG_5330-recoupe-300x242.jpg 300w, https:\/\/www.julien-legras.eu\/wp-content\/uploads\/2022\/02\/IMG_5330-recoupe-1024x825.jpg 1024w\" data-sizes=\"(max-width: 1655px) 100vw, 1655px\" data-aspect=\"1.2415603900975\" \/><\/figure>\t\t\t\t\t\t<span class=\"lqd-pf-overlay-bg lqd-overlay\"><\/span>\n\t\t\t\t\t<\/div>\n\n\t\t\t\t\t<div class=\"lqd-pf-details w-100 ps-4 pe-4 pos-rel\">\n\t\t\t\t\t\t\t\t\t\t\t\t<h2 class=\"lqd-pf-title m-0 h5\">Espaces d&#8217;accueil<\/h2>\t\t\t\t\t\t<ul class=\"reset-ul inline-nav lqd-pf-cat d-inline-flex pos-rel z-index-2\"><li><a href=\"https:\/\/www.julien-legras.eu\/?portfolio-category=identite-et-valorisation\">#Identit\u00e9 et valorisation<\/a><\/li><\/ul>\t\t\t\t\t<\/div>\n\n\t\t\t\t\t<a href=\"https:\/\/www.julien-legras.eu\/?portfolios=data-analysis\"  class=\"lqd-overlay lqd-pf-overlay-link lqd-cc-label-trigger\" data-cc-icon-color=\"\"><\/a>\n\t\t\t\t<\/div>\n\t\t\t<\/article>\n\n\t\t<\/div>\n\t<\/div>\n\n<\/div><div class=\"carousel-item col-xs-12 col-sm-6 col-md-4 sur-mesure\">\n\n\t<div class=\"carousel-item-inner\">\n\t\t<div class=\"carousel-item-content\">\n\n\t\t\t<article id=\"post-7702\" class=\"lqd-pf-item lqd-pf-item-style-5 pos-rel lqd-pf-light pf-details-h-str post-7702 liquid-portfolio type-liquid-portfolio status-publish format-standard has-post-thumbnail hentry liquid-portfolio-category-sur-mesure\">\n\t\t\t\t<div class=\"lqd-pf-item-inner lqd-overlay d-flex align-items-end\">\n\n\t\t\t\t\t<div class=\"lqd-pf-img overflow-hidden lqd-overlay\">\n\t\t\t\t\t\t<figure  class=\"lqd-overlay\"><img decoding=\"async\" width=\"1536\" height=\"2048\" src=\"data:image\/svg+xml;charset=utf-8,%3Csvg xmlns%3D&#039;http%3A%2F%2Fwww.w3.org%2F2000%2Fsvg&#039; viewBox%3D&#039;0 0 1536 2048&#039;%2F%3E\" class=\"w-100 h-100 objfit-cover objfit-center ld-lazyload wp-post-image\" alt=\"\" data-src=\"https:\/\/www.julien-legras.eu\/wp-content\/uploads\/2022\/02\/DSCF6008-rotated.jpg\" data-srcset=\"https:\/\/www.julien-legras.eu\/wp-content\/uploads\/2022\/02\/DSCF6008-rotated.jpg 1536w, https:\/\/www.julien-legras.eu\/wp-content\/uploads\/2022\/02\/DSCF6008-225x300.jpg 225w, https:\/\/www.julien-legras.eu\/wp-content\/uploads\/2022\/02\/DSCF6008-768x1024.jpg 768w\" data-sizes=\"(max-width: 1536px) 100vw, 1536px\" data-aspect=\"0.75\" \/><\/figure>\t\t\t\t\t\t<span class=\"lqd-pf-overlay-bg lqd-overlay\"><\/span>\n\t\t\t\t\t<\/div>\n\n\t\t\t\t\t<div class=\"lqd-pf-details w-100 ps-4 pe-4 pos-rel\">\n\t\t\t\t\t\t\t\t\t\t\t\t<h2 class=\"lqd-pf-title m-0 h5\">Espaces r\u00e9sidentiels<\/h2>\t\t\t\t\t\t<ul class=\"reset-ul inline-nav lqd-pf-cat d-inline-flex pos-rel z-index-2\"><li><a href=\"https:\/\/www.julien-legras.eu\/?portfolio-category=sur-mesure\">#Sur mesure<\/a><\/li><\/ul>\t\t\t\t\t<\/div>\n\n\t\t\t\t\t<a href=\"https:\/\/www.julien-legras.eu\/?portfolios=services\"  class=\"lqd-overlay lqd-pf-overlay-link lqd-cc-label-trigger\" data-cc-icon-color=\"\"><\/a>\n\t\t\t\t<\/div>\n\t\t\t<\/article>\n\n\t\t<\/div>\n\t<\/div>\n\n<\/div><\/div><\/div><\/div><\/div>\t\t<\/div>\n\t\t\t\t<\/div>\n\t\t\t\t\t<\/div>\n\t\t<\/div>\n\t\t\t\t\t<\/div>\n\t\t<\/section>\n\t\t\t\t<\/div>\n\t\t","protected":false},"excerpt":{"rendered":"<p>> Espaces de soins- disposition img1 #Lisibilit\u00e9 &amp; bienveillance Espaces de soins #Lisibilit\u00e9 &amp; bienveillance Espaces de soins &#8211; disposition img1 #Lisibilit\u00e9 &amp; bienveillance<\/p>\n","protected":false},"author":1,"featured_media":0,"parent":0,"menu_order":0,"comment_status":"closed","ping_status":"closed","template":"","meta":{"footnotes":""},"class_list":["post-8771","page","type-page","status-publish","hentry"],"yoast_head":"<!-- This site is optimized with the Yoast SEO plugin v26.0 - https:\/\/yoast.com\/wordpress\/plugins\/seo\/ -->\n<title>Design d\u2019espace de soins, d&#039;accueil et r\u00e9sidentiels | Julien Legras<\/title>\n<meta name=\"description\" content=\"Design d\u2019espace, co-conception, espaces de soin, espaces d\u2019accueil, am\u00e9nagement r\u00e9sidentiel, architecture d\u2019int\u00e9rieur, mobilier sur mesure\" \/>\n<meta name=\"robots\" content=\"index, follow, max-snippet:-1, max-image-preview:large, max-video-preview:-1\" \/>\n<link rel=\"canonical\" href=\"https:\/\/www.julien-legras.eu\/\" \/>\n<meta property=\"og:locale\" content=\"fr_FR\" \/>\n<meta property=\"og:type\" content=\"article\" \/>\n<meta property=\"og:title\" content=\"Design d\u2019espace de soins, d&#039;accueil et r\u00e9sidentiels | Julien Legras\" \/>\n<meta property=\"og:description\" content=\"Design d\u2019espace, co-conception, espaces de soin, espaces d\u2019accueil, am\u00e9nagement r\u00e9sidentiel, architecture d\u2019int\u00e9rieur, mobilier sur mesure\" \/>\n<meta property=\"og:url\" content=\"https:\/\/www.julien-legras.eu\/\" \/>\n<meta property=\"og:site_name\" content=\"JULIEN LEGRAS design\" \/>\n<meta property=\"article:modified_time\" content=\"2025-09-25T07:47:47+00:00\" \/>\n<meta property=\"og:image\" content=\"https:\/\/www.julien-legras.eu\/wp-content\/uploads\/2022\/02\/DSC_1658-retouch02.jpg\" \/>\n<meta name=\"twitter:card\" content=\"summary_large_image\" \/>\n<meta name=\"twitter:label1\" content=\"Dur\u00e9e de lecture estim\u00e9e\" \/>\n\t<meta name=\"twitter:data1\" content=\"1 minute\" \/>\n<script type=\"application\/ld+json\" class=\"yoast-schema-graph\">{\"@context\":\"https:\/\/schema.org\",\"@graph\":[{\"@type\":\"WebPage\",\"@id\":\"https:\/\/www.julien-legras.eu\/\",\"url\":\"https:\/\/www.julien-legras.eu\/\",\"name\":\"Design d\u2019espace de soins, d'accueil et r\u00e9sidentiels | Julien Legras\",\"isPartOf\":{\"@id\":\"https:\/\/www.julien-legras.eu\/#website\"},\"primaryImageOfPage\":{\"@id\":\"https:\/\/www.julien-legras.eu\/#primaryimage\"},\"image\":{\"@id\":\"https:\/\/www.julien-legras.eu\/#primaryimage\"},\"thumbnailUrl\":\"https:\/\/www.julien-legras.eu\/wp-content\/uploads\/2022\/02\/DSC_1658-retouch02.jpg\",\"datePublished\":\"2024-02-21T22:57:30+00:00\",\"dateModified\":\"2025-09-25T07:47:47+00:00\",\"description\":\"Design d\u2019espace, co-conception, espaces de soin, espaces d\u2019accueil, am\u00e9nagement r\u00e9sidentiel, architecture d\u2019int\u00e9rieur, mobilier sur mesure\",\"breadcrumb\":{\"@id\":\"https:\/\/www.julien-legras.eu\/#breadcrumb\"},\"inLanguage\":\"fr-FR\",\"potentialAction\":[{\"@type\":\"ReadAction\",\"target\":[\"https:\/\/www.julien-legras.eu\/\"]}]},{\"@type\":\"ImageObject\",\"inLanguage\":\"fr-FR\",\"@id\":\"https:\/\/www.julien-legras.eu\/#primaryimage\",\"url\":\"https:\/\/www.julien-legras.eu\/wp-content\/uploads\/2022\/02\/DSC_1658-retouch02.jpg\",\"contentUrl\":\"https:\/\/www.julien-legras.eu\/wp-content\/uploads\/2022\/02\/DSC_1658-retouch02.jpg\",\"width\":2000,\"height\":1328},{\"@type\":\"BreadcrumbList\",\"@id\":\"https:\/\/www.julien-legras.eu\/#breadcrumb\",\"itemListElement\":[{\"@type\":\"ListItem\",\"position\":1,\"name\":\"Accueil\",\"item\":\"https:\/\/www.julien-legras.eu\/\"},{\"@type\":\"ListItem\",\"position\":2,\"name\":\"Homepage V2-001\"}]},{\"@type\":\"WebSite\",\"@id\":\"https:\/\/www.julien-legras.eu\/#website\",\"url\":\"https:\/\/www.julien-legras.eu\/\",\"name\":\"JULIEN LEGRAS design\",\"description\":\"Design d&#039;espace et architecture d&#039;int\u00e9rieur Paris\",\"publisher\":{\"@id\":\"https:\/\/www.julien-legras.eu\/#organization\"},\"potentialAction\":[{\"@type\":\"SearchAction\",\"target\":{\"@type\":\"EntryPoint\",\"urlTemplate\":\"https:\/\/www.julien-legras.eu\/?s={search_term_string}\"},\"query-input\":{\"@type\":\"PropertyValueSpecification\",\"valueRequired\":true,\"valueName\":\"search_term_string\"}}],\"inLanguage\":\"fr-FR\"},{\"@type\":\"Organization\",\"@id\":\"https:\/\/www.julien-legras.eu\/#organization\",\"name\":\"JULIEN LEGRAS design\",\"url\":\"https:\/\/www.julien-legras.eu\/\",\"logo\":{\"@type\":\"ImageObject\",\"inLanguage\":\"fr-FR\",\"@id\":\"https:\/\/www.julien-legras.eu\/#\/schema\/logo\/image\/\",\"url\":\"https:\/\/www.julien-legras.eu\/wp-content\/uploads\/2025\/09\/Logo-JL002-square-03.jpg\",\"contentUrl\":\"https:\/\/www.julien-legras.eu\/wp-content\/uploads\/2025\/09\/Logo-JL002-square-03.jpg\",\"width\":415,\"height\":416,\"caption\":\"JULIEN LEGRAS design\"},\"image\":{\"@id\":\"https:\/\/www.julien-legras.eu\/#\/schema\/logo\/image\/\"},\"sameAs\":[\"https:\/\/www.instagram.com\/julien.legras.pro\/yoast\",\"https:\/\/www.instagram.com\/julien.legras.pro\/\"]}]}<\/script>\n<!-- \/ Yoast SEO plugin. -->","yoast_head_json":{"title":"Design d\u2019espace de soins, d'accueil et r\u00e9sidentiels | Julien Legras","description":"Design d\u2019espace, co-conception, espaces de soin, espaces d\u2019accueil, am\u00e9nagement r\u00e9sidentiel, architecture d\u2019int\u00e9rieur, mobilier sur mesure","robots":{"index":"index","follow":"follow","max-snippet":"max-snippet:-1","max-image-preview":"max-image-preview:large","max-video-preview":"max-video-preview:-1"},"canonical":"https:\/\/www.julien-legras.eu\/","og_locale":"fr_FR","og_type":"article","og_title":"Design d\u2019espace de soins, d'accueil et r\u00e9sidentiels | Julien Legras","og_description":"Design d\u2019espace, co-conception, espaces de soin, espaces d\u2019accueil, am\u00e9nagement r\u00e9sidentiel, architecture d\u2019int\u00e9rieur, mobilier sur mesure","og_url":"https:\/\/www.julien-legras.eu\/","og_site_name":"JULIEN LEGRAS design","article_modified_time":"2025-09-25T07:47:47+00:00","og_image":[{"url":"https:\/\/www.julien-legras.eu\/wp-content\/uploads\/2022\/02\/DSC_1658-retouch02.jpg","type":"","width":"","height":""}],"twitter_card":"summary_large_image","twitter_misc":{"Dur\u00e9e de lecture estim\u00e9e":"1 minute"},"schema":{"@context":"https:\/\/schema.org","@graph":[{"@type":"WebPage","@id":"https:\/\/www.julien-legras.eu\/","url":"https:\/\/www.julien-legras.eu\/","name":"Design d\u2019espace de soins, d'accueil et r\u00e9sidentiels | Julien Legras","isPartOf":{"@id":"https:\/\/www.julien-legras.eu\/#website"},"primaryImageOfPage":{"@id":"https:\/\/www.julien-legras.eu\/#primaryimage"},"image":{"@id":"https:\/\/www.julien-legras.eu\/#primaryimage"},"thumbnailUrl":"https:\/\/www.julien-legras.eu\/wp-content\/uploads\/2022\/02\/DSC_1658-retouch02.jpg","datePublished":"2024-02-21T22:57:30+00:00","dateModified":"2025-09-25T07:47:47+00:00","description":"Design d\u2019espace, co-conception, espaces de soin, espaces d\u2019accueil, am\u00e9nagement r\u00e9sidentiel, architecture d\u2019int\u00e9rieur, mobilier sur mesure","breadcrumb":{"@id":"https:\/\/www.julien-legras.eu\/#breadcrumb"},"inLanguage":"fr-FR","potentialAction":[{"@type":"ReadAction","target":["https:\/\/www.julien-legras.eu\/"]}]},{"@type":"ImageObject","inLanguage":"fr-FR","@id":"https:\/\/www.julien-legras.eu\/#primaryimage","url":"https:\/\/www.julien-legras.eu\/wp-content\/uploads\/2022\/02\/DSC_1658-retouch02.jpg","contentUrl":"https:\/\/www.julien-legras.eu\/wp-content\/uploads\/2022\/02\/DSC_1658-retouch02.jpg","width":2000,"height":1328},{"@type":"BreadcrumbList","@id":"https:\/\/www.julien-legras.eu\/#breadcrumb","itemListElement":[{"@type":"ListItem","position":1,"name":"Accueil","item":"https:\/\/www.julien-legras.eu\/"},{"@type":"ListItem","position":2,"name":"Homepage V2-001"}]},{"@type":"WebSite","@id":"https:\/\/www.julien-legras.eu\/#website","url":"https:\/\/www.julien-legras.eu\/","name":"JULIEN LEGRAS design","description":"Design d&#039;espace et architecture d&#039;int\u00e9rieur Paris","publisher":{"@id":"https:\/\/www.julien-legras.eu\/#organization"},"potentialAction":[{"@type":"SearchAction","target":{"@type":"EntryPoint","urlTemplate":"https:\/\/www.julien-legras.eu\/?s={search_term_string}"},"query-input":{"@type":"PropertyValueSpecification","valueRequired":true,"valueName":"search_term_string"}}],"inLanguage":"fr-FR"},{"@type":"Organization","@id":"https:\/\/www.julien-legras.eu\/#organization","name":"JULIEN LEGRAS design","url":"https:\/\/www.julien-legras.eu\/","logo":{"@type":"ImageObject","inLanguage":"fr-FR","@id":"https:\/\/www.julien-legras.eu\/#\/schema\/logo\/image\/","url":"https:\/\/www.julien-legras.eu\/wp-content\/uploads\/2025\/09\/Logo-JL002-square-03.jpg","contentUrl":"https:\/\/www.julien-legras.eu\/wp-content\/uploads\/2025\/09\/Logo-JL002-square-03.jpg","width":415,"height":416,"caption":"JULIEN LEGRAS design"},"image":{"@id":"https:\/\/www.julien-legras.eu\/#\/schema\/logo\/image\/"},"sameAs":["https:\/\/www.instagram.com\/julien.legras.pro\/yoast","https:\/\/www.instagram.com\/julien.legras.pro\/"]}]}},"_links":{"self":[{"href":"https:\/\/www.julien-legras.eu\/index.php?rest_route=\/wp\/v2\/pages\/8771","targetHints":{"allow":["GET"]}}],"collection":[{"href":"https:\/\/www.julien-legras.eu\/index.php?rest_route=\/wp\/v2\/pages"}],"about":[{"href":"https:\/\/www.julien-legras.eu\/index.php?rest_route=\/wp\/v2\/types\/page"}],"author":[{"embeddable":true,"href":"https:\/\/www.julien-legras.eu\/index.php?rest_route=\/wp\/v2\/users\/1"}],"replies":[{"embeddable":true,"href":"https:\/\/www.julien-legras.eu\/index.php?rest_route=%2Fwp%2Fv2%2Fcomments&post=8771"}],"version-history":[{"count":62,"href":"https:\/\/www.julien-legras.eu\/index.php?rest_route=\/wp\/v2\/pages\/8771\/revisions"}],"predecessor-version":[{"id":10971,"href":"https:\/\/www.julien-legras.eu\/index.php?rest_route=\/wp\/v2\/pages\/8771\/revisions\/10971"}],"wp:attachment":[{"href":"https:\/\/www.julien-legras.eu\/index.php?rest_route=%2Fwp%2Fv2%2Fmedia&parent=8771"}],"curies":[{"name":"wp","href":"https:\/\/api.w.org\/{rel}","templated":true}]}}